{"id":55,"date":"2024-08-29T23:30:34","date_gmt":"2024-08-29T21:30:34","guid":{"rendered":"https:\/\/rent76.pl\/?page_id=55"},"modified":"2024-08-30T23:15:35","modified_gmt":"2024-08-30T21:15:35","slug":"produkty","status":"publish","type":"page","link":"https:\/\/rent76.pl\/index.php\/produkty\/","title":{"rendered":"PRODUKTY"},"content":{"rendered":"\t\t<div data-elementor-type=\"wp-page\" data-elementor-id=\"55\" class=\"elementor elementor-55\">\n\t\t\t\t<div class=\"elementor-element elementor-element-22a31f3 e-flex e-con-boxed e-con e-parent\" data-id=\"22a31f3\" data-element_type=\"container\" data-e-type=\"container\">\n\t\t\t\t\t<div class=\"e-con-inner\">\n\t\t<div class=\"elementor-element elementor-element-5c7fd6d e-con-full e-flex e-con e-child\" data-id=\"5c7fd6d\" data-element_type=\"container\" data-e-type=\"container\">\n\t\t\t\t<div class=\"elementor-element elementor-element-630c220 elementor-widget__width-initial elementor-widget elementor-widget-image\" data-id=\"630c220\" data-element_type=\"widget\" data-e-type=\"widget\" data-widget_type=\"image.default\">\n\t\t\t\t<div class=\"elementor-widget-container\">\n\t\t\t\t\t\t\t\t\t\t\t\t\t\t\t<img fetchpriority=\"high\" decoding=\"async\" width=\"892\" height=\"844\" src=\"https:\/\/rent76.pl\/wp-content\/uploads\/2024\/08\/thule-926-1.jpg\" class=\"attachment-large size-large wp-image-65\" alt=\"\" srcset=\"https:\/\/rent76.pl\/wp-content\/uploads\/2024\/08\/thule-926-1.jpg 892w, https:\/\/rent76.pl\/wp-content\/uploads\/2024\/08\/thule-926-1-300x284.jpg 300w, https:\/\/rent76.pl\/wp-content\/uploads\/2024\/08\/thule-926-1-768x727.jpg 768w\" sizes=\"(max-width: 892px) 100vw, 892px\" \/>\t\t\t\t\t\t\t\t\t\t\t\t\t\t\t<\/div>\n\t\t\t\t<\/div>\n\t\t<div class=\"elementor-element elementor-element-5eded46 e-con-full e-flex e-con e-child\" data-id=\"5eded46\" data-element_type=\"container\" data-e-type=\"container\">\n\t\t\t\t<div class=\"elementor-element elementor-element-7d2e3a9 elementor-align-justify elementor-widget elementor-widget-button\" data-id=\"7d2e3a9\" data-element_type=\"widget\" data-e-type=\"widget\" data-widget_type=\"button.default\">\n\t\t\t\t<div class=\"elementor-widget-container\">\n\t\t\t\t\t\t\t\t\t<div class=\"elementor-button-wrapper\">\n\t\t\t\t\t<a class=\"elementor-button elementor-button-link elementor-size-sm\" href=\"https:\/\/rent76.pl\/index.php\/kalendarz\/\">\n\t\t\t\t\t\t<span class=\"elementor-button-content-wrapper\">\n\t\t\t\t\t\t\t\t\t<span class=\"elementor-button-text\">Sprawd\u017a dost\u0119pno\u015b\u0107<\/span>\n\t\t\t\t\t<\/span>\n\t\t\t\t\t<\/a>\n\t\t\t\t<\/div>\n\t\t\t\t\t\t\t\t<\/div>\n\t\t\t\t<\/div>\n\t\t\t\t<\/div>\n\t\t\t\t<div class=\"elementor-element elementor-element-1bee81c elementor-widget elementor-widget-text-editor\" data-id=\"1bee81c\" data-element_type=\"widget\" data-e-type=\"widget\" data-widget_type=\"text-editor.default\">\n\t\t\t\t<div class=\"elementor-widget-container\">\n\t\t\t\t\t\t\t\t\t<h3>\u00a0 \u00a0 \u00a0 \u00a0Thule VeloCompact 926<\/h3><div class=\"ac-container ac-adaptiveCard has-image\"><div class=\"ac-textBlock\"><p>Oferuj\u0119 wynajem baga\u017cnika rowerowego marki THULE VeloCompact 926, idealnego na rodzinne wycieczki rowerowe lub wypady z przyjaci\u00f3\u0142mi. Baga\u017cnik przeznaczony jest na 3 rowery, z mo\u017cliwo\u015bci\u0105 do\u0142o\u017cenia dostawki na 4 rower.<\/p><p><strong>Specyfikacja:<\/strong><\/p><ul><li><strong>Marka i model:<\/strong> THULE VeloCompact 926<\/li><li><strong>Pojemno\u015b\u0107:<\/strong> 3 rowery (mo\u017cliwo\u015b\u0107 rozszerzenia do 4 rower\u00f3w)<\/li><li><strong>Monta\u017c:<\/strong> \u0141atwy monta\u017c na haku holowniczym<\/li><li><strong>Bezpiecze\u0144stwo:<\/strong> Solidne mocowanie rower\u00f3w, zabezpieczenie antykradzie\u017cowe<\/li><li><strong>Kompatybilno\u015b\u0107:<\/strong> Pasuje do wi\u0119kszo\u015bci typ\u00f3w rower\u00f3w, w tym rower\u00f3w elektrycznych<\/li><li><strong>Funkcjonalno\u015b\u0107:<\/strong> Mo\u017cliwo\u015b\u0107 odchylania baga\u017cnika, co umo\u017cliwia dost\u0119p do baga\u017cnika samochodu bez zdejmowania rower\u00f3w<\/li><\/ul><p><strong>Cena wynajmu:<\/strong><\/p><ul><li>1 dzie\u0144: 15 PLN<\/li><\/ul><p><strong>Dodatkowe informacje:<\/strong><\/p><ul><li>Kaucja zwrotna: 500 PLN<\/li><li>Odbi\u00f3r osobisty w Czechowicach-Dziedzicach<\/li><li>Mo\u017cliwo\u015b\u0107 dostawy w okolicy za dodatkow\u0105 op\u0142at\u0105<\/li><\/ul><h3><strong>\u00a0 \u00a0 \u00a0 Zapraszam do rezerwacji<\/strong><\/h3><\/div><\/div>\t\t\t\t\t\t\t\t<\/div>\n\t\t\t\t<\/div>\n\t\t\t\t<\/div>\n\t\t<div class=\"elementor-element elementor-element-e887212 e-con-full e-flex e-con e-child\" data-id=\"e887212\" data-element_type=\"container\" data-e-type=\"container\">\n\t\t<div class=\"elementor-element elementor-element-819a0e6 e-con-full e-flex e-con e-child\" data-id=\"819a0e6\" data-element_type=\"container\" data-e-type=\"container\">\n\t\t\t\t<\/div>\n\t\t\t\t<\/div>\n\t\t\t\t\t<\/div>\n\t\t\t\t<\/div>\n\t\t\t\t<\/div>\n\t\t","protected":false},"excerpt":{"rendered":"<p>Sprawd\u017a dost\u0119pno\u015b\u0107 \u00a0 \u00a0 \u00a0 \u00a0Thule VeloCompact 926 Oferuj\u0119 wynajem baga\u017cnika rowerowego marki THULE VeloCompact 926, idealnego na rodzinne wycieczki [&hellip;]<\/p>\n","protected":false},"author":1,"featured_media":0,"parent":0,"menu_order":0,"comment_status":"closed","ping_status":"closed","template":"","meta":{"site-sidebar-layout":"no-sidebar","site-content-layout":"","ast-site-content-layout":"full-width-container","site-content-style":"default","site-sidebar-style":"default","ast-global-header-display":"","ast-banner-title-visibility":"","ast-main-header-display":"","ast-hfb-above-header-display":"","ast-hfb-below-header-display":"","ast-hfb-mobile-header-display":"","site-post-title":"disabled","ast-breadcrumbs-content":"","ast-featured-img":"disabled","footer-sml-layout":"","theme-transparent-header-meta":"","adv-header-id-meta":"","stick-header-meta":"","header-above-stick-meta":"","header-main-stick-meta":"","header-below-stick-meta":"","astra-migrate-meta-layouts":"default","ast-page-background-enabled":"default","ast-page-background-meta":{"desktop":{"background-color":"var(--ast-global-color-4)","background-image":"","background-repeat":"repeat","background-position":"center center","background-size":"auto","background-attachment":"scroll","background-type":"","background-media":"","overlay-type":"","overlay-color":"","overlay-opacity":"","overlay-gradient":""},"tablet":{"background-color":"","background-image":"","background-repeat":"repeat","background-position":"center center","background-size":"auto","background-attachment":"scroll","background-type":"","background-media":"","overlay-type":"","overlay-color":"","overlay-opacity":"","overlay-gradient":""},"mobile":{"background-color":"","background-image":"","background-repeat":"repeat","background-position":"center center","background-size":"auto","background-attachment":"scroll","background-type":"","background-media":"","overlay-type":"","overlay-color":"","overlay-opacity":"","overlay-gradient":""}},"ast-content-background-meta":{"desktop":{"background-color":"var(--ast-global-color-5)","background-image":"","background-repeat":"repeat","background-position":"center center","background-size":"auto","background-attachment":"scroll","background-type":"","background-media":"","overlay-type":"","overlay-color":"","overlay-opacity":"","overlay-gradient":""},"tablet":{"background-color":"var(--ast-global-color-5)","background-image":"","background-repeat":"repeat","background-position":"center center","background-size":"auto","background-attachment":"scroll","background-type":"","background-media":"","overlay-type":"","overlay-color":"","overlay-opacity":"","overlay-gradient":""},"mobile":{"background-color":"var(--ast-global-color-5)","background-image":"","background-repeat":"repeat","background-position":"center center","background-size":"auto","background-attachment":"scroll","background-type":"","background-media":"","overlay-type":"","overlay-color":"","overlay-opacity":"","overlay-gradient":""}},"footnotes":""},"class_list":["post-55","page","type-page","status-publish","hentry"],"_links":{"self":[{"href":"https:\/\/rent76.pl\/index.php\/wp-json\/wp\/v2\/pages\/55","targetHints":{"allow":["GET"]}}],"collection":[{"href":"https:\/\/rent76.pl\/index.php\/wp-json\/wp\/v2\/pages"}],"about":[{"href":"https:\/\/rent76.pl\/index.php\/wp-json\/wp\/v2\/types\/page"}],"author":[{"embeddable":true,"href":"https:\/\/rent76.pl\/index.php\/wp-json\/wp\/v2\/users\/1"}],"replies":[{"embeddable":true,"href":"https:\/\/rent76.pl\/index.php\/wp-json\/wp\/v2\/comments?post=55"}],"version-history":[{"count":43,"href":"https:\/\/rent76.pl\/index.php\/wp-json\/wp\/v2\/pages\/55\/revisions"}],"predecessor-version":[{"id":130,"href":"https:\/\/rent76.pl\/index.php\/wp-json\/wp\/v2\/pages\/55\/revisions\/130"}],"wp:attachment":[{"href":"https:\/\/rent76.pl\/index.php\/wp-json\/wp\/v2\/media?parent=55"}],"curies":[{"name":"wp","href":"https:\/\/api.w.org\/{rel}","templated":true}]}}